{"id":48,"date":"2023-01-15T16:35:24","date_gmt":"2023-01-15T15:35:24","guid":{"rendered":"https:\/\/benedicte.chat\/?page_id=48"},"modified":"2023-01-15T16:39:11","modified_gmt":"2023-01-15T15:39:11","slug":"a-propos","status":"publish","type":"page","link":"https:\/\/benedicte.chat\/index.php\/a-propos\/","title":{"rendered":"\u00c0 propos"},"content":{"rendered":"\n<h2 class=\"wp-block-heading\">Qui que quoi que donc?<\/h2>\n\n\n\n<p>Si vous arrivez ici par hasard, il est peu probable que vous y trouviez un grand int\u00e9r\u00eat&#8230; L&rsquo;id\u00e9e ici est surtout que les chamis puissent laisser un petit mot \u00e0 l&rsquo;h\u00f4te du chat lui m\u00eame (B\u00e9n\u00e9dicte, si l&rsquo;adresse de ce site ne vous avait pas encore mis la puce \u00e0 l&rsquo;oreille&#8230;), pour lui rappeler de bons moments pass\u00e9s ensemble. Et comme le chat int\u00e9rieur se manifeste pas mal durant ces bons moments, raconter ces anecdotes du point de vue du chat, c&rsquo;est fun, et \u00e7a change un peu.<\/p>\n\n\n\n<h2 class=\"wp-block-heading\">Mais&#8230; Un chat int\u00e9rieur, c&rsquo;est quoi au fait?<\/h2>\n\n\n\n<p>Une main qui fait \u00ab\u00a0froutch froutch\u00a0\u00bb quand on se sent bien, une ficelle qui se balance et qui attire toute notre attention, un ronron de satisfaction&#8230; Tout \u00e7a, c&rsquo;est des manifestations de notre chat int\u00e9rieur, celui qui aime se blottir sous un plaid lors d&rsquo;une apr\u00e8s-midi pluvieuse, ou faire un c\u00e2lin&#8230;<\/p>\n\n\n\n<h2 class=\"wp-block-heading\">Et les chamis alors?<\/h2>\n\n\n\n<p>Si tu es un chamis (un ami de B\u00e9n\u00e9dicte &#8211; l&rsquo;h\u00f4te du chat), et que tu souhaite participer \u00e0 ce petit livre d&rsquo;or num\u00e9rique, alors bienvenue \u00e0 toi. Le chami qui t&rsquo;a envoy\u00e9 ici t&rsquo;indiquera comment me joindre, et on fera en sorte que tu puisse laisser trace des aventures du chat ici. Ne t&rsquo;en fais pas, \u00e7a va bien se passer \ud83d\ude09<\/p>\n","protected":false},"excerpt":{"rendered":"<p>Qui que quoi que donc? Si vous arrivez ici par hasard, il est peu probable que vous y trouviez un grand int\u00e9r\u00eat&#8230; L&rsquo;id\u00e9e ici est surtout que les chamis puissent laisser un petit mot \u00e0 l&rsquo;h\u00f4te du chat lui m\u00eame (B\u00e9n\u00e9dicte, si l&rsquo;adresse de ce site ne vous avait pas encore mis la puce \u00e0 [&hellip;]<\/p>\n","protected":false},"author":1,"featured_media":0,"parent":0,"menu_order":0,"comment_status":"closed","ping_status":"closed","template":"","meta":{"footnotes":""},"class_list":["post-48","page","type-page","status-publish","hentry"],"_links":{"self":[{"href":"https:\/\/benedicte.chat\/index.php\/wp-json\/wp\/v2\/pages\/48","targetHints":{"allow":["GET"]}}],"collection":[{"href":"https:\/\/benedicte.chat\/index.php\/wp-json\/wp\/v2\/pages"}],"about":[{"href":"https:\/\/benedicte.chat\/index.php\/wp-json\/wp\/v2\/types\/page"}],"author":[{"embeddable":true,"href":"https:\/\/benedicte.chat\/index.php\/wp-json\/wp\/v2\/users\/1"}],"replies":[{"embeddable":true,"href":"https:\/\/benedicte.chat\/index.php\/wp-json\/wp\/v2\/comments?post=48"}],"version-history":[{"count":3,"href":"https:\/\/benedicte.chat\/index.php\/wp-json\/wp\/v2\/pages\/48\/revisions"}],"predecessor-version":[{"id":51,"href":"https:\/\/benedicte.chat\/index.php\/wp-json\/wp\/v2\/pages\/48\/revisions\/51"}],"wp:attachment":[{"href":"https:\/\/benedicte.chat\/index.php\/wp-json\/wp\/v2\/media?parent=48"}],"curies":[{"name":"wp","href":"https:\/\/api.w.org\/{rel}","templated":true}]}}